{"id":5,"date":"2016-11-11T14:40:16","date_gmt":"2016-11-11T13:40:16","guid":{"rendered":"https:\/\/clubdesrentiers.wordpress.com\/?page_id=2"},"modified":"2018-09-16T16:27:57","modified_gmt":"2018-09-16T14:27:57","slug":"accueil","status":"publish","type":"page","link":"https:\/\/clubdesrentiers.com\/","title":{"rendered":"Accueil"},"content":{"rendered":"<p><strong>Bienvenue!<\/strong><\/p>\n<p style=\"text-align: left;\">Vous avez le sentiment que votre vie ne vous convient pas, vous en avez marre de travailler comme un acharn\u00e9? Vous avez l&#8217;ambition de\u00a0profiter de votre vie et d&#8217;accomplir ce que la soci\u00e9t\u00e9 trouve anormal: c&#8217;est ici que cela se passe.<\/p>\n<p style=\"text-align: left;\">Je suis S\u00e9bastien, un jeune ing\u00e9nieur de 29 ans. je m&#8217;int\u00e9resse \u00e0 tous les investissements susceptibles de me faire avancer sur le chemin de l&#8217;ind\u00e9pendance financi\u00e8re.<\/p>\n<p style=\"text-align: left;\">Je consid\u00e8re que les cl\u00e9s du succ\u00e8s sont la motivation, l&#8217;information et la formation.Vous trouverez sur ce site, de quoi obtenir ces cl\u00e9s.<\/p>\n","protected":false},"excerpt":{"rendered":"<p>Il s\u2019agit de l\u2019extrait de votre page d\u2019accueil.<\/p>\n","protected":false},"author":2,"featured_media":26,"parent":0,"menu_order":0,"comment_status":"closed","ping_status":"closed","template":"","meta":{"_monsterinsights_skip_tracking":false,"_monsterinsights_sitenote_active":false,"_monsterinsights_sitenote_note":"","_monsterinsights_sitenote_category":0},"_links":{"self":[{"href":"https:\/\/clubdesrentiers.com\/index.php?rest_route=\/wp\/v2\/pages\/5"}],"collection":[{"href":"https:\/\/clubdesrentiers.com\/index.php?rest_route=\/wp\/v2\/pages"}],"about":[{"href":"https:\/\/clubdesrentiers.com\/index.php?rest_route=\/wp\/v2\/types\/page"}],"author":[{"embeddable":true,"href":"https:\/\/clubdesrentiers.com\/index.php?rest_route=\/wp\/v2\/users\/2"}],"replies":[{"embeddable":true,"href":"https:\/\/clubdesrentiers.com\/index.php?rest_route=%2Fwp%2Fv2%2Fcomments&post=5"}],"version-history":[{"count":2,"href":"https:\/\/clubdesrentiers.com\/index.php?rest_route=\/wp\/v2\/pages\/5\/revisions"}],"predecessor-version":[{"id":156,"href":"https:\/\/clubdesrentiers.com\/index.php?rest_route=\/wp\/v2\/pages\/5\/revisions\/156"}],"wp:featuredmedia":[{"embeddable":true,"href":"https:\/\/clubdesrentiers.com\/index.php?rest_route=\/wp\/v2\/media\/26"}],"wp:attachment":[{"href":"https:\/\/clubdesrentiers.com\/index.php?rest_route=%2Fwp%2Fv2%2Fmedia&parent=5"}],"curies":[{"name":"wp","href":"https:\/\/api.w.org\/{rel}","templated":true}]}}